{"id":1938,"date":"2025-08-15T14:16:26","date_gmt":"2025-08-15T06:16:26","guid":{"rendered":"https:\/\/staging.sendastickers.com\/privacy-policy\/"},"modified":"2025-09-23T19:53:55","modified_gmt":"2025-09-23T11:53:55","slug":"politica-de-privacidade","status":"publish","type":"page","link":"https:\/\/staging.sendastickers.com\/pt-br\/politica-de-privacidade\/","title":{"rendered":"Pol\u00edtica de Privacidade"},"content":{"rendered":"\n<p><strong>\u00daltima atualiza\u00e7\u00e3o:<\/strong> [2024\/07\/01]<\/p>\n\n\n\n<h2 class=\"wp-block-heading\">Introdu\u00e7\u00e3o<\/h2>\n\n\n\n<p>Na SENDA Stickers, nosso compromisso com a integridade operacional se estende \u00e0 prote\u00e7\u00e3o incondicional dos seus dados comerciais. Esta Pol\u00edtica de Privacidade n\u00e3o \u00e9 apenas um documento legal; \u00e9 nossa declara\u00e7\u00e3o transparente dos protocolos de tratamento de dados que implementamos para servir voc\u00ea, nosso parceiro B2B, garantindo a absoluta seguran\u00e7a e confidencialidade de suas informa\u00e7\u00f5es.<\/p>\n\n\n\n<p>Por favor, leia esta pol\u00edtica de privacidade com aten\u00e7\u00e3o. Se voc\u00ea n\u00e3o concorda com os termos desta pol\u00edtica de privacidade, por favor, n\u00e3o acesse o site.<\/p>\n\n\n\n<h2 class=\"wp-block-heading\">Os Dados Comerciais que Processamos para Servir Voc\u00ea<\/h2>\n\n\n\n<p>Podemos coletar informa\u00e7\u00f5es sobre voc\u00ea de v\u00e1rias maneiras. As informa\u00e7\u00f5es que podemos coletar no Site incluem:<\/p>\n\n\n\n<p><strong>Dados Pessoais:<\/strong> Informa\u00e7\u00f5es de identifica\u00e7\u00e3o pessoal, como seu nome, endere\u00e7o de entrega, endere\u00e7o de e-mail e n\u00famero de telefone, que voc\u00ea nos fornece voluntariamente ao se registrar no Site ou ao optar por participar de v\u00e1rias atividades relacionadas ao Site.<\/p>\n\n\n\n<p><strong>Dados Derivados:<\/strong> Informa\u00e7\u00f5es que nossos servidores coletam automaticamente quando voc\u00ea acessa o Site, como seu endere\u00e7o IP, tipo de navegador, sistema operacional, hor\u00e1rios de acesso e as p\u00e1ginas que voc\u00ea visualizou imediatamente antes e depois de acessar o Site.<\/p>\n\n\n\n<p><strong>Dados Financeiros:<\/strong> Informa\u00e7\u00f5es financeiras, como dados relacionados ao seu m\u00e9todo de pagamento (por exemplo, n\u00famero de cart\u00e3o de cr\u00e9dito v\u00e1lido, bandeira do cart\u00e3o, data de validade) que podemos coletar quando voc\u00ea compra, encomenda, devolve, troca ou solicita informa\u00e7\u00f5es sobre nossos servi\u00e7os a partir do Site.<\/p>\n\n\n\n<h2 class=\"wp-block-heading\">Como Utilizamos os Dados para Cumprir Nossos Compromissos de Parceria<\/h2>\n\n\n\n<p>Ter informa\u00e7\u00f5es precisas sobre voc\u00ea nos permite fornecer uma experi\u00eancia tranquila, eficiente e personalizada. Especificamente, podemos usar as informa\u00e7\u00f5es coletadas sobre voc\u00ea atrav\u00e9s do Site para:<\/p>\n\n\n\n<ul class=\"wp-block-list\">\n<li>Criar e gerenciar sua conta.<\/li>\n\n\n\n<li>Processar suas transa\u00e7\u00f5es e enviar informa\u00e7\u00f5es relacionadas, incluindo confirma\u00e7\u00f5es de compra e faturas.<\/li>\n\n\n\n<li>Enviar e-mails sobre sua conta ou pedido.<\/li>\n\n\n\n<li>Cumprir e gerenciar compras, pedidos, pagamentos \u0438 outras transa\u00e7\u00f5es relacionadas ao Site.<\/li>\n\n\n\n<li>Melhorar o Site para melhor atend\u00ea-lo.<\/li>\n\n\n\n<li>Monitorar e analisar o uso e as tend\u00eancias para melhorar sua experi\u00eancia com o Site.<\/li>\n\n\n\n<li>Enviar a voc\u00ea uma newsletter.<\/li>\n\n\n\n<li>Responder a solicita\u00e7\u00f5es de produtos e de atendimento ao cliente.<\/li>\n<\/ul>\n\n\n\n<h2 class=\"wp-block-heading\">Nossos Princ\u00edpios sobre o Compartilhamento de Dados com Terceiros<\/h2>\n\n\n\n<p>Podemos compartilhar as informa\u00e7\u00f5es que coletamos sobre voc\u00ea em certas situa\u00e7\u00f5es. Suas informa\u00e7\u00f5es podem ser divulgadas da seguinte forma:<\/p>\n\n\n\n<p><strong>Por Lei ou para Proteger Direitos:<\/strong> Se acreditarmos que a divulga\u00e7\u00e3o de informa\u00e7\u00f5es sobre voc\u00ea \u00e9 necess\u00e1ria para responder a processos legais, para investigar ou remediar potenciais viola\u00e7\u00f5es de nossas pol\u00edticas, ou para proteger os direitos, propriedade e seguran\u00e7a de outros, podemos compartilhar suas informa\u00e7\u00f5es conforme permitido ou exigido por qualquer lei, regra ou regulamento aplic\u00e1vel.<\/p>\n\n\n\n<p><strong>Prestadores de Servi\u00e7os Terceirizados:<\/strong> Podemos compartilhar suas informa\u00e7\u00f5es com terceiros que realizam servi\u00e7os para n\u00f3s ou em nosso nome, incluindo processamento de pagamentos, an\u00e1lise de dados, entrega de e-mails, servi\u00e7os de hospedagem, atendimento ao cliente e assist\u00eancia de marketing.<\/p>\n\n\n\n<p><strong>Transfer\u00eancias de Neg\u00f3cios:<\/strong> Podemos compartilhar ou transferir suas informa\u00e7\u00f5es em conex\u00e3o com, ou durante negocia\u00e7\u00f5es de, qualquer fus\u00e3o, venda de ativos da empresa, financiamento ou aquisi\u00e7\u00e3o de toda ou parte de nossa empresa por outra empresa.<\/p>\n\n\n\n<p><strong>Com o Seu Consentimento:<\/strong> Podemos divulgar suas informa\u00e7\u00f5es pessoais para qualquer outro fim com o seu consentimento.<\/p>\n\n\n\n<h2 class=\"wp-block-heading\">Nosso Compromisso com a Seguran\u00e7a e Confidencialidade dos Dados<\/h2>\n\n\n\n<p>Usamos medidas de seguran\u00e7a administrativas, t\u00e9cnicas e f\u00edsicas para ajudar a proteger suas informa\u00e7\u00f5es pessoais. Embora tenhamos tomado medidas razo\u00e1veis para proteger as informa\u00e7\u00f5es pessoais que voc\u00ea nos fornece, esteja ciente de que, apesar de nossos esfor\u00e7os, nenhuma medida de seguran\u00e7a \u00e9 perfeita ou impenetr\u00e1vel, e nenhum m\u00e9todo de transmiss\u00e3o de dados pode ser garantido contra qualquer intercepta\u00e7\u00e3o ou outro tipo de uso indevido.<\/p>\n\n\n\n<h2 class=\"wp-block-heading\">Pol\u00edtica para Crian\u00e7as<\/h2>\n\n\n\n<p>N\u00e3o solicitamos intencionalmente informa\u00e7\u00f5es de crian\u00e7as menores de 13 anos nem comercializamos para elas. Se tomarmos conhecimento de que coletamos informa\u00e7\u00f5es pessoais de uma crian\u00e7a menor de 13 anos sem a verifica\u00e7\u00e3o do consentimento dos pais, excluiremos essas informa\u00e7\u00f5es o mais r\u00e1pido poss\u00edvel.<\/p>\n\n\n\n<h2 class=\"wp-block-heading\">Altera\u00e7\u00f5es a Esta Pol\u00edtica de Privacidade<\/h2>\n\n\n\n<p>Podemos atualizar esta Pol\u00edtica de Privacidade de tempos em tempos para refletir, por exemplo, mudan\u00e7as em nossas pr\u00e1ticas ou por outras raz\u00f5es operacionais, legais ou regulat\u00f3rias. Notificaremos voc\u00ea sobre quaisquer altera\u00e7\u00f5es publicando a nova Pol\u00edtica de Privacidade nesta p\u00e1gina. Aconselha-se que voc\u00ea revise esta Pol\u00edtica de Privacidade periodicamente para quaisquer altera\u00e7\u00f5es.<\/p>\n\n\n\n<h2 class=\"wp-block-heading\">Fale Conosco<\/h2>\n\n\n\n<p>Sua confian\u00e7a \u00e9 fundamental para nossa parceria. Para quaisquer d\u00favidas ou esclarecimentos sobre nossos protocolos de tratamento de dados e medidas de seguran\u00e7a, n\u00e3o hesite em contatar nossa equipe dedicada. Estamos comprometidos em fornecer a voc\u00ea a transpar\u00eancia e a confian\u00e7a de que voc\u00ea precisa.<\/p>\n\n\n\n<p>Senda Stickers Inc<br>info@sendastickers.com<\/p>\n","protected":false},"excerpt":{"rendered":"<p>\u00daltima atualiza\u00e7\u00e3o: [2024\/07\/01] Introdu\u00e7\u00e3o Na SENDA Stickers, nosso compromisso com a integridade operacional se estende \u00e0 prote\u00e7\u00e3o incondicional dos seus dados comerciais. Esta Pol\u00edtica de Privacidade n\u00e3o \u00e9 apenas um documento legal; \u00e9 nossa declara\u00e7\u00e3o transparente dos protocolos de tratamento de dados que implementamos para servir voc\u00ea, nosso parceiro B2B, garantindo a absoluta seguran\u00e7a e [&hellip;]<\/p>\n","protected":false},"author":2,"featured_media":0,"parent":0,"menu_order":0,"comment_status":"open","ping_status":"open","template":"page-legal.php","meta":{"_acf_changed":false,"footnotes":""},"class_list":["post-1938","page","type-page","status-publish","hentry"],"acf":[],"_links":{"self":[{"href":"https:\/\/staging.sendastickers.com\/pt-br\/wp-json\/wp\/v2\/pages\/1938","targetHints":{"allow":["GET"]}}],"collection":[{"href":"https:\/\/staging.sendastickers.com\/pt-br\/wp-json\/wp\/v2\/pages"}],"about":[{"href":"https:\/\/staging.sendastickers.com\/pt-br\/wp-json\/wp\/v2\/types\/page"}],"author":[{"embeddable":true,"href":"https:\/\/staging.sendastickers.com\/pt-br\/wp-json\/wp\/v2\/users\/2"}],"replies":[{"embeddable":true,"href":"https:\/\/staging.sendastickers.com\/pt-br\/wp-json\/wp\/v2\/comments?post=1938"}],"version-history":[{"count":0,"href":"https:\/\/staging.sendastickers.com\/pt-br\/wp-json\/wp\/v2\/pages\/1938\/revisions"}],"wp:attachment":[{"href":"https:\/\/staging.sendastickers.com\/pt-br\/wp-json\/wp\/v2\/media?parent=1938"}],"curies":[{"name":"wp","href":"https:\/\/api.w.org\/{rel}","templated":true}]}}