{"id":1929,"date":"2025-08-15T14:16:26","date_gmt":"2025-08-15T06:16:26","guid":{"rendered":"https:\/\/staging.sendastickers.com\/privacy-policy\/"},"modified":"2025-09-23T18:43:57","modified_gmt":"2025-09-23T10:43:57","slug":"politique-de-confidentialite","status":"publish","type":"page","link":"https:\/\/staging.sendastickers.com\/fr\/politique-de-confidentialite\/","title":{"rendered":"Politique de Confidentialit\u00e9"},"content":{"rendered":"\n<p><strong>Derni\u00e8re mise \u00e0 jour :<\/strong> [2024\/07\/01]<\/p>\n\n\n\n<h2 class=\"wp-block-heading\">Introduction<\/h2>\n\n\n\n<p>Chez SENDA Stickers, notre engagement envers l&rsquo;int\u00e9grit\u00e9 op\u00e9rationnelle s&rsquo;\u00e9tend \u00e0 la protection sans compromis de vos donn\u00e9es commerciales. Cette Politique de Confidentialit\u00e9 n&rsquo;est pas simplement un document juridique ; c&rsquo;est notre d\u00e9claration transparente des protocoles de traitement des donn\u00e9es que nous avons mis en \u0153uvre pour vous servir, notre partenaire B2B, tout en garantissant la s\u00e9curit\u00e9 et la confidentialit\u00e9 absolues de vos informations.<\/p>\n\n\n\n<p>Veuillez lire attentivement cette politique de confidentialit\u00e9. Si vous n&rsquo;\u00eates pas d&rsquo;accord avec les termes de cette politique de confidentialit\u00e9, veuillez ne pas acc\u00e9der au site.<\/p>\n\n\n\n<h2 class=\"wp-block-heading\">Les Donn\u00e9es Commerciales que Nous Traitons pour Vous Servir<\/h2>\n\n\n\n<p>Nous pouvons collecter des informations vous concernant de diverses mani\u00e8res. Les informations que nous pouvons collecter sur le Site incluent :<\/p>\n\n\n\n<p><strong>Donn\u00e9es Personnelles :<\/strong> Les informations personnellement identifiables, telles que votre nom, votre adresse de livraison, votre adresse e-mail et votre num\u00e9ro de t\u00e9l\u00e9phone, que vous nous fournissez volontairement lorsque vous vous inscrivez sur le Site ou lorsque vous choisissez de participer \u00e0 diverses activit\u00e9s li\u00e9es au Site.<\/p>\n\n\n\n<p><strong>Donn\u00e9es D\u00e9riv\u00e9es :<\/strong> Les informations que nos serveurs collectent automatiquement lorsque vous acc\u00e9dez au Site, telles que votre adresse IP, votre type de navigateur, votre syst\u00e8me d&rsquo;exploitation, vos temps d&rsquo;acc\u00e8s et les pages que vous avez consult\u00e9es juste avant et apr\u00e8s avoir acc\u00e9d\u00e9 au Site.<\/p>\n\n\n\n<p><strong>Donn\u00e9es Financi\u00e8res :<\/strong> Les informations financi\u00e8res, telles que les donn\u00e9es relatives \u00e0 votre mode de paiement (par ex., num\u00e9ro de carte de cr\u00e9dit valide, marque de la carte, date d&rsquo;expiration) que nous pouvons collecter lorsque vous achetez, commandez, retournez, \u00e9changez ou demandez des informations sur nos services depuis le Site.<\/p>\n\n\n\n<h2 class=\"wp-block-heading\">Comment Nous Utilisons les Donn\u00e9es pour Remplir Nos Engagements de Partenariat<\/h2>\n\n\n\n<p>Disposer d&rsquo;informations exactes vous concernant nous permet de vous offrir une exp\u00e9rience fluide, efficace et personnalis\u00e9e. Plus pr\u00e9cis\u00e9ment, nous pouvons utiliser les informations collect\u00e9es \u00e0 votre sujet via le Site pour :<\/p>\n\n\n\n<ul class=\"wp-block-list\">\n<li>Cr\u00e9er et g\u00e9rer votre compte.<\/li>\n\n\n\n<li>Traiter vos transactions et vous envoyer les informations associ\u00e9es, y compris les confirmations d&rsquo;achat et les factures.<\/li>\n\n\n\n<li>Vous envoyer des e-mails concernant votre compte ou votre commande.<\/li>\n\n\n\n<li>Ex\u00e9cuter et g\u00e9rer les achats, commandes, paiements et autres transactions li\u00e9s au Site.<\/li>\n\n\n\n<li>Am\u00e9liorer le Site pour mieux vous servir.<\/li>\n\n\n\n<li>Surveiller et analyser l&rsquo;utilisation et les tendances pour am\u00e9liorer votre exp\u00e9rience avec le Site.<\/li>\n\n\n\n<li>Vous envoyer une newsletter.<\/li>\n\n\n\n<li>R\u00e9pondre aux demandes de produits et de service client.<\/li>\n<\/ul>\n\n\n\n<h2 class=\"wp-block-heading\">Nos Principes sur le Partage de Donn\u00e9es avec des Tiers<\/h2>\n\n\n\n<p>Nous pouvons partager les informations que nous avons collect\u00e9es \u00e0 votre sujet dans certaines situations. Vos informations peuvent \u00eatre divulgu\u00e9es comme suit :<\/p>\n\n\n\n<p><strong>En Vertu de la Loi ou pour Prot\u00e9ger des Droits :<\/strong> Si nous estimons que la divulgation d&rsquo;informations vous concernant est n\u00e9cessaire pour r\u00e9pondre \u00e0 une proc\u00e9dure judiciaire, pour enqu\u00eater sur des violations potentielles de nos politiques ou y rem\u00e9dier, ou pour prot\u00e9ger les droits, la propri\u00e9t\u00e9 et la s\u00e9curit\u00e9 d&rsquo;autrui, nous pouvons partager vos informations comme le permet ou l&rsquo;exige toute loi, r\u00e8gle ou r\u00e9glementation applicable.<\/p>\n\n\n\n<p><strong>Fournisseurs de Services Tiers :<\/strong> Nous pouvons partager vos informations avec des tiers qui ex\u00e9cutent des services pour nous ou en notre nom, y compris le traitement des paiements, l&rsquo;analyse de donn\u00e9es, la livraison d&rsquo;e-mails, les services d&rsquo;h\u00e9bergement, le service client et l&rsquo;assistance marketing.<\/p>\n\n\n\n<p><strong>Transferts d&rsquo;Entreprise :<\/strong> Nous pouvons partager ou transf\u00e9rer vos informations dans le cadre de, ou pendant les n\u00e9gociations de, toute fusion, vente d&rsquo;actifs de la soci\u00e9t\u00e9, financement ou acquisition de tout ou partie de notre entreprise par une autre soci\u00e9t\u00e9.<\/p>\n\n\n\n<p><strong>Avec Votre Consentement :<\/strong> Nous pouvons divulguer vos informations personnelles \u00e0 toute autre fin avec votre consentement.<\/p>\n\n\n\n<h2 class=\"wp-block-heading\">Notre Engagement en mati\u00e8re de S\u00e9curit\u00e9 et de Confidentialit\u00e9 des Donn\u00e9es<\/h2>\n\n\n\n<p>Nous utilisons des mesures de s\u00e9curit\u00e9 administratives, techniques et physiques pour aider \u00e0 prot\u00e9ger vos informations personnelles. Bien que nous ayons pris des mesures raisonnables pour s\u00e9curiser les informations personnelles que vous nous fournissez, veuillez \u00eatre conscient que malgr\u00e9 nos efforts, aucune mesure de s\u00e9curit\u00e9 n&rsquo;est parfaite ou imp\u00e9n\u00e9trable, et aucune m\u00e9thode de transmission de donn\u00e9es ne peut \u00eatre garantie contre toute interception ou autre type d&rsquo;utilisation abusive.<\/p>\n\n\n\n<h2 class=\"wp-block-heading\">Politique pour les Enfants<\/h2>\n\n\n\n<p>Nous ne sollicitons pas sciemment d&rsquo;informations aupr\u00e8s d&rsquo;enfants de moins de 13 ans ni ne commercialisons nos produits aupr\u00e8s d&rsquo;eux. Si nous apprenons que nous avons collect\u00e9 des informations personnelles d&rsquo;un enfant de moins de 13 ans sans v\u00e9rification du consentement parental, nous supprimerons ces informations aussi rapidement que possible.<\/p>\n\n\n\n<h2 class=\"wp-block-heading\">Modifications de cette Politique de Confidentialit\u00e9<\/h2>\n\n\n\n<p>Nous pouvons mettre \u00e0 jour cette Politique de Confidentialit\u00e9 de temps \u00e0 autre afin de refl\u00e9ter, par exemple, des changements dans nos pratiques ou pour d&rsquo;autres raisons op\u00e9rationnelles, l\u00e9gales ou r\u00e9glementaires. Nous vous informerons de tout changement en publiant la nouvelle Politique de Confidentialit\u00e9 sur cette page. Il vous est conseill\u00e9 de consulter p\u00e9riodiquement cette Politique de Confidentialit\u00e9 pour tout changement.<\/p>\n\n\n\n<h2 class=\"wp-block-heading\">Nous Contacter<\/h2>\n\n\n\n<p>Votre confiance est primordiale pour notre partenariat. Pour toute question ou clarification concernant nos protocoles de traitement des donn\u00e9es et nos mesures de s\u00e9curit\u00e9, n&rsquo;h\u00e9sitez pas \u00e0 contacter notre \u00e9quipe d\u00e9di\u00e9e. Nous nous engageons \u00e0 vous fournir la transparence et la confiance dont vous avez besoin.<\/p>\n\n\n\n<p>Senda Stickers Inc<br>info@sendastickers.com<\/p>\n","protected":false},"excerpt":{"rendered":"<p>Derni\u00e8re mise \u00e0 jour : [2024\/07\/01] Introduction Chez SENDA Stickers, notre engagement envers l&rsquo;int\u00e9grit\u00e9 op\u00e9rationnelle s&rsquo;\u00e9tend \u00e0 la protection sans compromis de vos donn\u00e9es commerciales. Cette Politique de Confidentialit\u00e9 n&rsquo;est pas simplement un document juridique ; c&rsquo;est notre d\u00e9claration transparente des protocoles de traitement des donn\u00e9es que nous avons mis en \u0153uvre pour vous servir, [&hellip;]<\/p>\n","protected":false},"author":2,"featured_media":0,"parent":0,"menu_order":0,"comment_status":"open","ping_status":"open","template":"page-legal.php","meta":{"_acf_changed":false,"footnotes":""},"class_list":["post-1929","page","type-page","status-publish","hentry"],"acf":[],"_links":{"self":[{"href":"https:\/\/staging.sendastickers.com\/fr\/wp-json\/wp\/v2\/pages\/1929","targetHints":{"allow":["GET"]}}],"collection":[{"href":"https:\/\/staging.sendastickers.com\/fr\/wp-json\/wp\/v2\/pages"}],"about":[{"href":"https:\/\/staging.sendastickers.com\/fr\/wp-json\/wp\/v2\/types\/page"}],"author":[{"embeddable":true,"href":"https:\/\/staging.sendastickers.com\/fr\/wp-json\/wp\/v2\/users\/2"}],"replies":[{"embeddable":true,"href":"https:\/\/staging.sendastickers.com\/fr\/wp-json\/wp\/v2\/comments?post=1929"}],"version-history":[{"count":0,"href":"https:\/\/staging.sendastickers.com\/fr\/wp-json\/wp\/v2\/pages\/1929\/revisions"}],"wp:attachment":[{"href":"https:\/\/staging.sendastickers.com\/fr\/wp-json\/wp\/v2\/media?parent=1929"}],"curies":[{"name":"wp","href":"https:\/\/api.w.org\/{rel}","templated":true}]}}