{"id":1941,"date":"2025-08-15T14:16:26","date_gmt":"2025-08-15T06:16:26","guid":{"rendered":"https:\/\/staging.sendastickers.com\/privacy-policy\/"},"modified":"2025-09-23T20:02:23","modified_gmt":"2025-09-23T12:02:23","slug":"politica-de-privacidad","status":"publish","type":"page","link":"https:\/\/staging.sendastickers.com\/es\/politica-de-privacidad\/","title":{"rendered":"Pol\u00edtica de Privacidad"},"content":{"rendered":"\n<p><strong>\u00daltima actualizaci\u00f3n:<\/strong> [2024\/07\/01]<\/p>\n\n\n\n<h2 class=\"wp-block-heading\">Introducci\u00f3n<\/h2>\n\n\n\n<p>En SENDA Stickers, nuestro compromiso con la integridad operativa se extiende a la protecci\u00f3n incondicional de sus datos comerciales. Esta Pol\u00edtica de Privacidad no es simplemente un documento legal; es nuestra declaraci\u00f3n transparente de los protocolos de manejo de datos que hemos implementado para servirle a usted, nuestro socio B2B, garantizando al mismo tiempo la seguridad y confidencialidad absolutas de su informaci\u00f3n.<\/p>\n\n\n\n<p>Por favor, lea esta pol\u00edtica de privacidad detenidamente. Si no est\u00e1 de acuerdo con los t\u00e9rminos de esta pol\u00edtica de privacidad, por favor no acceda al sitio.<\/p>\n\n\n\n<h2 class=\"wp-block-heading\">Los Datos Comerciales que Procesamos para Servirle<\/h2>\n\n\n\n<p>Podemos recopilar informaci\u00f3n sobre usted de diversas maneras. La informaci\u00f3n que podemos recopilar en el Sitio incluye:<\/p>\n\n\n\n<p><strong>Datos Personales:<\/strong> Informaci\u00f3n de identificaci\u00f3n personal, como su nombre, direcci\u00f3n de env\u00edo, direcci\u00f3n de correo electr\u00f3nico y n\u00famero de tel\u00e9fono, que usted nos proporciona voluntariamente cuando se registra en el Sitio o cuando elige participar en diversas actividades relacionadas con el Sitio.<\/p>\n\n\n\n<p><strong>Datos Derivados:<\/strong> Informaci\u00f3n que nuestros servidores recopilan autom\u00e1ticamente cuando usted accede al Sitio, como su direcci\u00f3n IP, tipo de navegador, sistema operativo, tiempos de acceso y las p\u00e1ginas que ha visto directamente antes y despu\u00e9s de acceder al Sitio.<\/p>\n\n\n\n<p><strong>Datos Financieros:<\/strong> Informaci\u00f3n financiera, como datos relacionados con su m\u00e9todo de pago (p. ej., n\u00famero de tarjeta de cr\u00e9dito v\u00e1lido, marca de la tarjeta, fecha de vencimiento) que podemos recopilar cuando usted compra, ordena, devuelve, cambia o solicita informaci\u00f3n sobre nuestros servicios desde el Sitio.<\/p>\n\n\n\n<h2 class=\"wp-block-heading\">C\u00f3mo Utilizamos los Datos para Cumplir Nuestros Compromisos de Asociaci\u00f3n<\/h2>\n\n\n\n<p>Tener informaci\u00f3n precisa sobre usted nos permite ofrecerle una experiencia fluida, eficiente y personalizada. Espec\u00edficamente, podemos usar la informaci\u00f3n recopilada sobre usted a trav\u00e9s del Sitio para:<\/p>\n\n\n\n<ul class=\"wp-block-list\">\n<li>Crear y gestionar su cuenta.<\/li>\n\n\n\n<li>Procesar sus transacciones y enviarle informaci\u00f3n relacionada, incluidas las confirmaciones de compra y las facturas.<\/li>\n\n\n\n<li>Enviarle correos electr\u00f3nicos sobre su cuenta o pedido.<\/li>\n\n\n\n<li>Cumplir y gestionar compras, pedidos, pagos y otras transacciones relacionadas con el Sitio.<\/li>\n\n\n\n<li>Mejorar el Sitio para servirle mejor.<\/li>\n\n\n\n<li>Monitorear y analizar el uso y las tendencias para mejorar su experiencia con el Sitio.<\/li>\n\n\n\n<li>Enviarle un bolet\u00edn informativo.<\/li>\n\n\n\n<li>Responder a solicitudes de productos y de servicio al cliente.<\/li>\n<\/ul>\n\n\n\n<h2 class=\"wp-block-heading\">Nuestros Principios sobre el Intercambio de Datos con Terceros<\/h2>\n\n\n\n<p>Podemos compartir la informaci\u00f3n que hemos recopilado sobre usted en ciertas situaciones. Su informaci\u00f3n puede ser divulgada de la siguiente manera:<\/p>\n\n\n\n<p><strong>Por Ley o para Proteger Derechos:<\/strong> Si creemos que la divulgaci\u00f3n de informaci\u00f3n sobre usted es necesaria para responder a un proceso legal, para investigar o remediar posibles violaciones de nuestras pol\u00edticas, o para proteger los derechos, la propiedad y la seguridad de otros, podemos compartir su informaci\u00f3n seg\u00fan lo permita o exija cualquier ley, norma o regulaci\u00f3n aplicable.<\/p>\n\n\n\n<p><strong>Terceros Proveedores de Servicios:<\/strong> Podemos compartir su informaci\u00f3n con terceros que realizan servicios para nosotros o en nuestro nombre, incluyendo el procesamiento de pagos, an\u00e1lisis de datos, entrega de correo electr\u00f3nico, servicios de alojamiento, servicio al cliente y asistencia de marketing.<\/p>\n\n\n\n<p><strong>Transferencias de Negocios:<\/strong> Podemos compartir o transferir su informaci\u00f3n en relaci\u00f3n con, o durante las negociaciones de, cualquier fusi\u00f3n, venta de activos de la empresa, financiaci\u00f3n o adquisici\u00f3n de la totalidad o una parte de nuestro negocio a otra empresa.<\/p>\n\n\n\n<p><strong>Con su Consentimiento:<\/strong> Podemos divulgar su informaci\u00f3n personal para cualquier otro prop\u00f3sito con su consentimiento.<\/p>\n\n\n\n<h2 class=\"wp-block-heading\">Nuestro Compromiso con la Seguridad y Confidencialidad de los Datos<\/h2>\n\n\n\n<p>Utilizamos medidas de seguridad administrativas, t\u00e9cnicas y f\u00edsicas para ayudar a proteger su informaci\u00f3n personal. Aunque hemos tomado medidas razonables para asegurar la informaci\u00f3n personal que usted nos proporciona, tenga en cuenta que, a pesar de nuestros esfuerzos, ninguna medida de seguridad es perfecta o impenetrable, y ning\u00fan m\u00e9todo de transmisi\u00f3n de datos puede garantizarse contra cualquier interceptaci\u00f3n u otro tipo de uso indebido.<\/p>\n\n\n\n<h2 class=\"wp-block-heading\">Pol\u00edtica para Ni\u00f1os<\/h2>\n\n\n\n<p>No solicitamos conscientemente informaci\u00f3n a ni\u00f1os menores de 13 a\u00f1os ni comercializamos para ellos. Si nos enteramos de que hemos recopilado informaci\u00f3n personal de un ni\u00f1o menor de 13 a\u00f1os sin la verificaci\u00f3n del consentimiento de los padres, eliminaremos esa informaci\u00f3n lo m\u00e1s r\u00e1pido posible.<\/p>\n\n\n\n<h2 class=\"wp-block-heading\">Cambios a esta Pol\u00edtica de Privacidad<\/h2>\n\n\n\n<p>Podemos actualizar esta Pol\u00edtica de Privacidad de vez en cuando para reflejar, por ejemplo, cambios en nuestras pr\u00e1cticas o por otras razones operativas, legales o regulatorias. Le notificaremos cualquier cambio publicando la nueva Pol\u00edtica de Privacidad en esta p\u00e1gina. Se le aconseja que revise esta Pol\u00edtica de Privacidad peri\u00f3dicamente para cualquier cambio.<\/p>\n\n\n\n<h2 class=\"wp-block-heading\">Cont\u00e1ctenos<\/h2>\n\n\n\n<p>Su confianza es primordial para nuestra asociaci\u00f3n. Para cualquier pregunta o aclaraci\u00f3n sobre nuestros protocolos de manejo de datos y medidas de seguridad, no dude en contactar a nuestro equipo dedicado. Estamos comprometidos a proporcionarle la transparencia y la confianza que usted requiere.<\/p>\n\n\n\n<p>Senda Stickers Inc<br>info@sendastickers.com<\/p>\n","protected":false},"excerpt":{"rendered":"<p>\u00daltima actualizaci\u00f3n: [2024\/07\/01] Introducci\u00f3n En SENDA Stickers, nuestro compromiso con la integridad operativa se extiende a la protecci\u00f3n incondicional de sus datos comerciales. Esta Pol\u00edtica de Privacidad no es simplemente un documento legal; es nuestra declaraci\u00f3n transparente de los protocolos de manejo de datos que hemos implementado para servirle a usted, nuestro socio B2B, garantizando [&hellip;]<\/p>\n","protected":false},"author":2,"featured_media":0,"parent":0,"menu_order":0,"comment_status":"open","ping_status":"open","template":"page-legal.php","meta":{"_acf_changed":false,"footnotes":""},"class_list":["post-1941","page","type-page","status-publish","hentry"],"acf":[],"_links":{"self":[{"href":"https:\/\/staging.sendastickers.com\/es\/wp-json\/wp\/v2\/pages\/1941","targetHints":{"allow":["GET"]}}],"collection":[{"href":"https:\/\/staging.sendastickers.com\/es\/wp-json\/wp\/v2\/pages"}],"about":[{"href":"https:\/\/staging.sendastickers.com\/es\/wp-json\/wp\/v2\/types\/page"}],"author":[{"embeddable":true,"href":"https:\/\/staging.sendastickers.com\/es\/wp-json\/wp\/v2\/users\/2"}],"replies":[{"embeddable":true,"href":"https:\/\/staging.sendastickers.com\/es\/wp-json\/wp\/v2\/comments?post=1941"}],"version-history":[{"count":0,"href":"https:\/\/staging.sendastickers.com\/es\/wp-json\/wp\/v2\/pages\/1941\/revisions"}],"wp:attachment":[{"href":"https:\/\/staging.sendastickers.com\/es\/wp-json\/wp\/v2\/media?parent=1941"}],"curies":[{"name":"wp","href":"https:\/\/api.w.org\/{rel}","templated":true}]}}