{"id":1932,"date":"2025-08-15T14:16:26","date_gmt":"2025-08-15T06:16:26","guid":{"rendered":"https:\/\/staging.sendastickers.com\/privacy-policy\/"},"modified":"2025-09-23T19:38:05","modified_gmt":"2025-09-23T11:38:05","slug":"datenschutzrichtlinie","status":"publish","type":"page","link":"https:\/\/staging.sendastickers.com\/de\/datenschutzrichtlinie\/","title":{"rendered":"Datenschutzrichtlinie"},"content":{"rendered":"\n<p><strong>Letzte Aktualisierung:<\/strong> [2024\/07\/01]<\/p>\n\n\n\n<h2 class=\"wp-block-heading\">Einleitung<\/h2>\n\n\n\n<p>Bei SENDA Stickers erstreckt sich unser Engagement f\u00fcr operative Integrit\u00e4t auf den kompromisslosen Schutz Ihrer Gesch\u00e4ftsdaten. Diese Datenschutzrichtlinie ist nicht nur ein juristisches Dokument; sie ist unsere transparente Erkl\u00e4rung der Datenverarbeitungsprotokolle, die wir implementiert haben, um Ihnen, unserem B2B-Partner, zu dienen und dabei die absolute Sicherheit und Vertraulichkeit Ihrer Informationen zu gew\u00e4hrleisten.<\/p>\n\n\n\n<p>Bitte lesen Sie diese Datenschutzrichtlinie sorgf\u00e4ltig durch. Wenn Sie mit den Bedingungen dieser Datenschutzrichtlinie nicht einverstanden sind, greifen Sie bitte nicht auf die Website zu.<\/p>\n\n\n\n<h2 class=\"wp-block-heading\">Die Gesch\u00e4ftsdaten, die wir verarbeiten, um Ihnen zu dienen<\/h2>\n\n\n\n<p>Wir k\u00f6nnen Informationen \u00fcber Sie auf verschiedene Weisen sammeln. Die Informationen, die wir auf der Website sammeln k\u00f6nnen, umfassen:<\/p>\n\n\n\n<p><strong>Personenbezogene Daten:<\/strong> Personenbezogene identifizierbare Informationen wie Ihr Name, Ihre Lieferadresse, Ihre E-Mail-Adresse und Ihre Telefonnummer, die Sie uns freiwillig geben, wenn Sie sich auf der Website registrieren oder an verschiedenen Aktivit\u00e4ten im Zusammenhang mit der Website teilnehmen.<\/p>\n\n\n\n<p><strong>Abgeleitete Daten:<\/strong> Informationen, die unsere Server automatisch erfassen, wenn Sie auf die Website zugreifen, wie Ihre IP-Adresse, Ihr Browsertyp, Ihr Betriebssystem, Ihre Zugriffszeiten und die Seiten, die Sie direkt vor und nach dem Zugriff auf die Website angesehen haben.<\/p>\n\n\n\n<p><strong>Finanzdaten:<\/strong> Finanzinformationen, wie z. B. Daten zu Ihrer Zahlungsmethode (z. B. g\u00fcltige Kreditkartennummer, Kartenmarke, Ablaufdatum), die wir erfassen k\u00f6nnen, wenn Sie auf der Website Dienstleistungen kaufen, bestellen, zur\u00fcckgeben, umtauschen oder Informationen dar\u00fcber anfordern.<\/p>\n\n\n\n<h2 class=\"wp-block-heading\">Wie wir Daten nutzen, um unsere partnerschaftlichen Verpflichtungen zu erf\u00fcllen<\/h2>\n\n\n\n<p>Genaue Informationen \u00fcber Sie erm\u00f6glichen es uns, Ihnen eine reibungslose, effiziente und ma\u00dfgeschneiderte Erfahrung zu bieten. Insbesondere k\u00f6nnen wir die \u00fcber Sie auf der Website gesammelten Informationen verwenden, um:<\/p>\n\n\n\n<ul class=\"wp-block-list\">\n<li>Ihr Konto zu erstellen und zu verwalten.<\/li>\n\n\n\n<li>Ihre Transaktionen zu bearbeiten und Ihnen zugeh\u00f6rige Informationen, einschlie\u00dflich Kaufbest\u00e4tigungen und Rechnungen, zuzusenden.<\/li>\n\n\n\n<li>Ihnen E-Mails bez\u00fcglich Ihres Kontos oder Ihrer Bestellung zu senden.<\/li>\n\n\n\n<li>K\u00e4ufe, Bestellungen, Zahlungen und andere Transaktionen im Zusammenhang mit der Website zu erf\u00fcllen und zu verwalten.<\/li>\n\n\n\n<li>die Website zu verbessern, um Ihnen besser zu dienen.<\/li>\n\n\n\n<li>die Nutzung und Trends zu \u00fcberwachen und zu analysieren, um Ihre Erfahrung mit der Website zu verbessern.<\/li>\n\n\n\n<li>Ihnen einen Newsletter zu senden.<\/li>\n\n\n\n<li>auf Produkt- und Kundendienstanfragen zu reagieren.<\/li>\n<\/ul>\n\n\n\n<h2 class=\"wp-block-heading\">Unsere Grunds\u00e4tze zur Datenweitergabe an Dritte<\/h2>\n\n\n\n<p>Wir k\u00f6nnen Informationen, die wir \u00fcber Sie gesammelt haben, in bestimmten Situationen weitergeben. Ihre Informationen k\u00f6nnen wie folgt offengelegt werden:<\/p>\n\n\n\n<p><strong>Aufgrund von Gesetzen oder zum Schutz von Rechten:<\/strong> Wenn wir der Meinung sind, dass die Freigabe von Informationen \u00fcber Sie notwendig ist, um auf rechtliche Verfahren zu reagieren, potenzielle Verst\u00f6\u00dfe gegen unsere Richtlinien zu untersuchen oder zu beheben oder die Rechte, das Eigentum und die Sicherheit anderer zu sch\u00fctzen, k\u00f6nnen wir Ihre Informationen gem\u00e4\u00df den geltenden Gesetzen, Regeln oder Vorschriften weitergeben.<\/p>\n\n\n\n<p><strong>Drittanbieter von Dienstleistungen:<\/strong> Wir k\u00f6nnen Ihre Informationen an Dritte weitergeben, die Dienstleistungen f\u00fcr uns oder in unserem Namen erbringen, einschlie\u00dflich Zahlungsabwicklung, Datenanalyse, E-Mail-Zustellung, Hosting-Dienste, Kundendienst und Marketingunterst\u00fctzung.<\/p>\n\n\n\n<p><strong>Gesch\u00e4fts\u00fcbertragungen:<\/strong> Wir k\u00f6nnen Ihre Informationen im Zusammenhang mit oder w\u00e4hrend der Verhandlungen \u00fcber eine Fusion, einen Verkauf von Unternehmensverm\u00f6gen, eine Finanzierung oder eine \u00dcbernahme unseres gesamten oder eines Teils unseres Gesch\u00e4fts durch ein anderes Unternehmen weitergeben oder \u00fcbertragen.<\/p>\n\n\n\n<p><strong>Mit Ihrer Zustimmung:<\/strong> Wir k\u00f6nnen Ihre personenbezogenen Daten f\u00fcr jeden anderen Zweck mit Ihrer Zustimmung offenlegen.<\/p>\n\n\n\n<h2 class=\"wp-block-heading\">Unser Engagement f\u00fcr Datensicherheit und Vertraulichkeit<\/h2>\n\n\n\n<p>Wir verwenden administrative, technische und physische Sicherheitsma\u00dfnahmen, um Ihre personenbezogenen Daten zu sch\u00fctzen. Obwohl wir angemessene Schritte unternommen haben, um die von Ihnen bereitgestellten personenbezogenen Daten zu sichern, seien Sie sich bitte bewusst, dass trotz unserer Bem\u00fchungen keine Sicherheitsma\u00dfnahmen perfekt oder undurchdringlich sind und keine Methode der Daten\u00fcbertragung gegen Abfangen oder andere Arten von Missbrauch garantiert werden kann.<\/p>\n\n\n\n<h2 class=\"wp-block-heading\">Richtlinie f\u00fcr Kinder<\/h2>\n\n\n\n<p>Wir fordern nicht wissentlich Informationen von Kindern unter 13 Jahren an oder vermarkten an sie. Wenn wir erfahren, dass wir personenbezogene Daten von einem Kind unter 13 Jahren ohne \u00dcberpr\u00fcfung der elterlichen Zustimmung gesammelt haben, werden wir diese Informationen so schnell wie m\u00f6glich l\u00f6schen.<\/p>\n\n\n\n<h2 class=\"wp-block-heading\">\u00c4nderungen an dieser Datenschutzrichtlinie<\/h2>\n\n\n\n<p>Wir k\u00f6nnen diese Datenschutzrichtlinie von Zeit zu Zeit aktualisieren, um beispielsweise \u00c4nderungen unserer Praktiken oder aus anderen betrieblichen, rechtlichen oder regulatorischen Gr\u00fcnden widerzuspiegeln. Wir werden Sie \u00fcber alle \u00c4nderungen informieren, indem wir die neue Datenschutzrichtlinie auf dieser Seite ver\u00f6ffentlichen. Es wird Ihnen empfohlen, diese Datenschutzrichtlinie regelm\u00e4\u00dfig auf \u00c4nderungen zu \u00fcberpr\u00fcfen.<\/p>\n\n\n\n<h2 class=\"wp-block-heading\">Kontaktieren Sie uns<\/h2>\n\n\n\n<p>Ihr Vertrauen ist f\u00fcr unsere Partnerschaft von gr\u00f6\u00dfter Bedeutung. Bei Fragen oder zur Kl\u00e4rung unserer Datenverarbeitungsprotokolle und Sicherheitsma\u00dfnahmen z\u00f6gern Sie bitte nicht, unser engagiertes Team zu kontaktieren. Wir verpflichten uns, Ihnen die Transparenz und das Vertrauen zu bieten, das Sie ben\u00f6tigen.<\/p>\n\n\n\n<p>Senda Stickers Inc<br>info@sendastickers.com<\/p>\n","protected":false},"excerpt":{"rendered":"<p>Letzte Aktualisierung: [2024\/07\/01] Einleitung Bei SENDA Stickers erstreckt sich unser Engagement f\u00fcr operative Integrit\u00e4t auf den kompromisslosen Schutz Ihrer Gesch\u00e4ftsdaten. Diese Datenschutzrichtlinie ist nicht nur ein juristisches Dokument; sie ist unsere transparente Erkl\u00e4rung der Datenverarbeitungsprotokolle, die wir implementiert haben, um Ihnen, unserem B2B-Partner, zu dienen und dabei die absolute Sicherheit und Vertraulichkeit Ihrer Informationen zu [&hellip;]<\/p>\n","protected":false},"author":2,"featured_media":0,"parent":0,"menu_order":0,"comment_status":"open","ping_status":"open","template":"page-legal.php","meta":{"_acf_changed":false,"footnotes":""},"class_list":["post-1932","page","type-page","status-publish","hentry"],"acf":[],"_links":{"self":[{"href":"https:\/\/staging.sendastickers.com\/de\/wp-json\/wp\/v2\/pages\/1932","targetHints":{"allow":["GET"]}}],"collection":[{"href":"https:\/\/staging.sendastickers.com\/de\/wp-json\/wp\/v2\/pages"}],"about":[{"href":"https:\/\/staging.sendastickers.com\/de\/wp-json\/wp\/v2\/types\/page"}],"author":[{"embeddable":true,"href":"https:\/\/staging.sendastickers.com\/de\/wp-json\/wp\/v2\/users\/2"}],"replies":[{"embeddable":true,"href":"https:\/\/staging.sendastickers.com\/de\/wp-json\/wp\/v2\/comments?post=1932"}],"version-history":[{"count":0,"href":"https:\/\/staging.sendastickers.com\/de\/wp-json\/wp\/v2\/pages\/1932\/revisions"}],"wp:attachment":[{"href":"https:\/\/staging.sendastickers.com\/de\/wp-json\/wp\/v2\/media?parent=1932"}],"curies":[{"name":"wp","href":"https:\/\/api.w.org\/{rel}","templated":true}]}}